{"id":611,"date":"2025-08-09T12:20:44","date_gmt":"2025-08-09T12:20:44","guid":{"rendered":"https:\/\/filax-medical.com\/uber-uns\/"},"modified":"2026-03-16T08:11:18","modified_gmt":"2026-03-16T08:11:18","slug":"about-us","status":"publish","type":"page","link":"https:\/\/www.filax-medical.com\/en\/about-us\/","title":{"rendered":"About us"},"content":{"rendered":"<div id=\"pl-611\"  class=\"panel-layout\" ><section data-background=\"purple-light\" id=\"pg-611-0_parent\" class=\"content-module\"><div class=\"container\"><div class=\"content-inner has-padding\"><div id=\"pg-611-0\"  class=\"panel-grid panel-no-style\" ><div id=\"pgc-611-0-0\"  class=\"panel-grid-cell\" >    \r\n        <div class=\"top-header\">\r\n        \r\n\t\t        \r\n        \r\n        <div class=\"swiper-container\">\r\n        \r\n                 <div class=\"swiper-wrapper\">\r\n        \t\t\t<div class=\"swiper-slide\">\r\n\t\t\t\t<div class=\"slide-container\">\r\n\t\t\t\t\t<div class=\"container\">\r\n\t\t\t\t\t\t<div class=\"slider-set\">\r\n\t\t\t\t\t\t\t<div class=\"row align-items-center\">\r\n\t\t\t\t\t\t\t\t<div class=\"col col-12 col-lg-6 align-items-center\">\r\n\t\t\t\t\t\t\t\t\t<div class=\"slider-set-content\">\r\n\t\t\t\t\t\t\t\t\t\t<h2>Working together to improve patient care<\/h2>\r\n\t\t\t\t\t\t\t\t\t\t<p>Our vision is a healthcare system where clinical teams are freed from repetitive manual tasks \u2013 so their time and attention can stay where it matters most: with patients.<\/p>\r\n\t\t\t\t\t\t\t\t\t\t<p class=\"button-group\" data-break=\"576\">\r\n\t\t\t\t\t\t\t\t\t\t                                        \r\n                                        \t\t\t\t\t\t\t\t\t\t<\/p>\r\n\t\t\t\t\t\t\t\t\t<\/div>\r\n\t\t\t\t\t\t\t\t<\/div>\r\n\t\t\t\t\t\t\t\t<div class=\"col col-12 col-lg-6\">\r\n\t\t\t\t\t\t\t\t\t<div class=\"slider-set-image\">\r\n\t\t\t\t\t\t\t\t\t\t<div class=\"image-control\" data-format=\"16:9\" style=\"background-image: url('https:\/\/eb82cnrs9vu.exactdn.com\/wp-content\/uploads\/2025\/09\/filax-team.png?strip=all&w=840')\">\r\n\t\t\t\t\t\t\t\t\t\t\t                                        <\/div>\r\n                                        \r\n\t\t\t\t\t\t\t\t\t<\/div>\r\n\t\t\t\t\t\t\t\t<\/div>\r\n\t\t\t\t\t\t\t<\/div>\r\n\t\t\t\t\t\t<\/div>\r\n\t\t\t\t\t<\/div>\r\n\t\t\t\t<\/div>\r\n\t\t\t<\/div>\r\n\t\t\t\t   \r\n        \r\n        <\/div>\r\n                \r\n        <div class=\"swiper-pagination\"><\/div>\r\n        \r\n        <\/div> <!--- \/.swiper-container --->\r\n        \r\n                \r\n        \r\n        <\/div> <!--- \/.top-header --->\r\n            \r\n           \r\n        \r\n        \r\n        \r\n        \r\n        <\/div><\/div><\/div><\/div><\/section><!-- \/.content-module --><section id=\"pg-611-1_parent\" class=\"content-module\"><div class=\"container\"><div class=\"content-inner has-padding\"><div id=\"pg-611-1\"  class=\"panel-grid panel-no-style\" ><div id=\"pgc-611-1-0\"  class=\"panel-grid-cell\" ><div id=\"panel-611-1-0-0\" class=\"so-panel widget widget_filax_defaulttxt_slider_widget panel-first-child\" data-index=\"1\" ><h2 class=\"text-center\" >Digital solutions for fluid management<\/h2><h3 style=\"text-align: center;\">We automate what slows you down \u2013 in a simple, reliable and practice-oriented way<\/h3>\n<\/div><div id=\"panel-611-1-0-1\" class=\"so-panel widget widget_siteorigin-panels-builder panel-last-child\" data-index=\"2\" ><div id=\"pl-w693fde91852a7\"  class=\"panel-layout\" ><div id=\"pg-w693fde91852a7-0\"  class=\"panel-grid panel-no-style\" ><div id=\"pgc-w693fde91852a7-0-0\"  class=\"panel-grid-cell\" ><div id=\"panel-w693fde91852a7-0-0-0\" class=\"so-panel widget widget_filax_casestudy_widget panel-first-child panel-last-child\" data-index=\"0\" >        <div class=\"case-study\">\r\n            <div class=\"row align-items-center\">\r\n            \t                <div class=\"col col-12 col-sm-6\">\r\n                    <div class=\"case-study-image\">\r\n                        <p><img decoding=\"async\" src=\"https:\/\/eb82cnrs9vu.exactdn.com\/wp-content\/uploads\/2025\/08\/top-header-2.jpg?strip=all\" class=\"image-rounded\" alt=\"\"><\/p>\r\n                    <\/div>\r\n                <\/div>\r\n               \t               \r\n                <div class=\"col col-12 col-lg-6 align-items-center\">\r\n                    <div class=\"case-study-content\" data-aos=\"fade-left\">\r\n                        <p>Whether intraoperative irrigation, transurethral bladder irrigation or urine output: managing fluids is part of daily life in almost every hospital. Yet this work is still often done manually \u2013 measured, observed and documented by hand.<\/p>\n\n<p>That costs valuable time, increases the risk of errors and makes consistent care harder to achieve. This is where we focus \u2013 on digital tools that make clinical workflows more efficient and noticeably ease the workload for nursing teams.<\/p>\n\n<p>&nbsp;<\/p>\n                                                <p>\r\n                            <a href=\"https:\/\/www.filax-medical.com\/en\/products\/\" target=\"_self\" class=\"link-arrow\">\r\n                                <i class=\"fas fa-arrow-right\"><\/i>\r\n                                <span>explore our products<\/span>\r\n                            <\/a>\r\n                        <\/p>\r\n                                            <\/div>\r\n                <\/div>\r\n            <\/div>\r\n        <\/div>\r\n        \r\n        \r\n        \r\n        <\/div><\/div><\/div><\/div><\/div><\/div><\/div><\/div><\/div><\/section><!-- \/.content-module --><section data-background=\"purple-light\" id=\"pg-611-2_parent\" class=\"content-module\"><div class=\"container\"><div class=\"content-inner has-padding\"><div id=\"pg-611-2\"  class=\"panel-grid panel-no-style\" ><div id=\"pgc-611-2-0\"  class=\"panel-grid-cell\" ><div id=\"panel-611-2-0-0\" class=\"so-panel widget widget_filax_gridboxes_slider_widget panel-first-child panel-last-child\" data-index=\"3\" ><h2 class=\"text-center\" >More efficient fluid management in hospitals<\/h2><h3 style=\"text-align:center\">for urology, endoscopy and intensive care<\/h3>\n<p style=\"text-align:center\">We specialise in fluid management solutions for hospitals \u2013 from urology and endoscopy through to intensive care. Working closely with clinical teams, we develop systems that meet the complex requirements of different specialties.We combine digital innovation with real-world clinical insight and Swiss quality. These principles shape our work and make Filax Medical a trusted partner for hospitals worldwide.<\/p>\n<p>&nbsp;<\/p>\n        <div class=\"boxed-grid\" data-mmEqual data-mmEqual-mode=\"height\" data-mmEqual-method=\"row\" data-mmEqual-targets=\".equal-height\" data-mmEqual-xs=\"false\" data-mmEqual-sm=\"false\" data-mmEqual-md=\"true\" data-mmEqual-lg=\"true\" data-mmEqual-xl=\"true\" data-mmEqual-xxl=\"true\" data-mmEqual-xxxl=\"true\">\r\n            <div class=\"row justify-content-center\">\r\n                                    <div class=\"col col-12 col-sm-6 col-xl-6\">\r\n                        <div class=\"boxed boxed-white boxed-rounded boxed-shadow-15px boxed-linked\" data-aos=\"fade-up\">\r\n                                                        <div class=\"boxed-padding text-center\">\r\n                            \r\n                                \r\n                                                                    \r\n                                <div class=\"equal-height\">\r\n                                    <h4 class=\"boxed-headline\"><strong>Smart digitalisation<\/strong><\/h4>\r\n                                    <p><small>We automate manual steps where it makes sense \u2013 precisely, reliably and with clear clinical relevance.<\/small><\/p>\r\n                                <\/div>\r\n                            <\/div>\r\n                        <\/div>\r\n                    <\/div>\r\n                                    <div class=\"col col-12 col-sm-6 col-xl-6\">\r\n                        <div class=\"boxed boxed-white boxed-rounded boxed-shadow-15px boxed-linked\" data-aos=\"fade-up\">\r\n                                                        <div class=\"boxed-padding text-center\">\r\n                            \r\n                                \r\n                                                                    \r\n                                <div class=\"equal-height\">\r\n                                    <h4 class=\"boxed-headline\"><strong>Focused innovation<\/strong><\/h4>\r\n                                    <p><small>We add new functions where they genuinely support clinical teams and simplify processes.<\/small><\/p>\r\n                                <\/div>\r\n                            <\/div>\r\n                        <\/div>\r\n                    <\/div>\r\n                                    <div class=\"col col-12 col-sm-6 col-xl-6\">\r\n                        <div class=\"boxed boxed-white boxed-rounded boxed-shadow-15px boxed-linked\" data-aos=\"fade-up\">\r\n                                                        <div class=\"boxed-padding text-center\">\r\n                            \r\n                                \r\n                                                                    \r\n                                <div class=\"equal-height\">\r\n                                    <h4 class=\"boxed-headline\"><strong>Practice-oriented solutions<\/strong><\/h4>\r\n                                    <p><small>Developed in close collaboration with hospital teams \u2013 so they can be used straight away in daily practice.<\/small><\/p>\r\n                                <\/div>\r\n                            <\/div>\r\n                        <\/div>\r\n                    <\/div>\r\n                                    <div class=\"col col-12 col-sm-6 col-xl-6\">\r\n                        <div class=\"boxed boxed-white boxed-rounded boxed-shadow-15px boxed-linked\" data-aos=\"fade-up\">\r\n                                                        <div class=\"boxed-padding text-center\">\r\n                            \r\n                                \r\n                                                                    \r\n                                <div class=\"equal-height\">\r\n                                    <h4 class=\"boxed-headline\"><strong>Reliable quality<\/strong><\/h4>\r\n                                    <p><small>Our systems are robust, well thought through and built for continuous use in the hospital environment.<\/small><\/p>\r\n                                <\/div>\r\n                            <\/div>\r\n                        <\/div>\r\n                    <\/div>\r\n                            <\/div>\r\n        <\/div>\r\n        \r\n                \r\n        <\/div><\/div><\/div><\/div><\/div><\/section><!-- \/.content-module --><section id=\"pg-611-3_parent\" class=\"content-module\"><div class=\"container\"><div class=\"content-inner has-padding\"><div id=\"pg-611-3\"  class=\"panel-grid panel-no-style\" ><div id=\"pgc-611-3-0\"  class=\"panel-grid-cell\" ><div id=\"panel-611-3-0-0\" class=\"so-panel widget widget_filax_defaulttxt_slider_widget panel-first-child\" data-index=\"4\" ><h2 class=\"text-center\" >Our team<\/h2><p style=\"text-align: center;\">Our team brings together expertise in medical technology, software development and clinical practice. What unites us is a clear goal: using smart technology to make a tangible difference in everyday hospital work.<\/p>\n<p>&nbsp;<\/p>\n<\/div><div id=\"panel-611-3-0-1\" class=\"so-panel widget widget_siteorigin-panels-builder panel-last-child\" data-index=\"5\" ><div id=\"pl-w69b7bb267451f\"  class=\"panel-layout\" ><div id=\"pg-w69b7bb267451f-0\"  class=\"panel-grid panel-no-style\" ><div id=\"pgc-w69b7bb267451f-0-0\"  class=\"panel-grid-cell panel-grid-cell-empty\" ><\/div><div id=\"pgc-w69b7bb267451f-0-1\"  class=\"panel-grid-cell panel-grid-cell-mobile-last\" ><div id=\"panel-w69b7bb267451f-0-1-0\" class=\"so-panel widget widget_filax_image_widget panel-first-child panel-last-child\" data-index=\"0\" ><figure class=\"filax_img\"><img decoding=\"async\" src=\"https:\/\/eb82cnrs9vu.exactdn.com\/wp-content\/uploads\/2026\/03\/Team_FILAX_0583.jpg?strip=all\" alt=\"\" class=\"content-image\" title=\"KI-gef\u00fchrtes Social Recruiting f\u00fcr neue Fachkr\u00e4fte\"><span>Lionel Kropf und Sean Missuk \/ Weiterer Text \u00fcber ots und www.presseportal.de\/nr\/173079 \/ Die Verwendung dieses Bildes f\u00fcr redaktionelle Zwecke ist unter Beachtung aller mitgeteilten Nutzungsbedingungen zul\u00e4ssig und dann auch honorarfrei. Ver\u00f6ffentlichung ausschlie\u00dflich mit Bildrechte-Hinweis.<\/span><\/figure><\/div><\/div><div id=\"pgc-w69b7bb267451f-0-2\"  class=\"panel-grid-cell panel-grid-cell-empty\" ><\/div><\/div><\/div><\/div><\/div><\/div><\/div><\/div><\/section><!-- \/.content-module --><section data-background=\"purple-light\" id=\"pg-611-4_parent\" class=\"content-module\"><div class=\"container\"><div class=\"content-inner has-padding\"><div id=\"pg-611-4\"  class=\"panel-grid panel-no-style\" ><div id=\"pgc-611-4-0\"  class=\"panel-grid-cell\" ><div id=\"panel-611-4-0-0\" class=\"so-panel widget widget_filax_gridboxes_slider_widget panel-first-child panel-last-child\" data-index=\"6\" ><h2 class=\"text-center\" >What guides us \u2013 as a team and in our work<\/h2><p style=\"text-align:center\">We don\u2019t chase every new technology trend. We focus on what genuinely helps. Four principles guide how we work:<\/p>\n<p>&nbsp;<\/p>\n        <div class=\"boxed-grid\" data-mmEqual data-mmEqual-mode=\"height\" data-mmEqual-method=\"row\" data-mmEqual-targets=\".equal-height\" data-mmEqual-xs=\"false\" data-mmEqual-sm=\"false\" data-mmEqual-md=\"true\" data-mmEqual-lg=\"true\" data-mmEqual-xl=\"true\" data-mmEqual-xxl=\"true\" data-mmEqual-xxxl=\"true\">\r\n            <div class=\"row justify-content-center\">\r\n                                    <div class=\"col col-12 col-sm-6 col-xl-3\">\r\n                        <div class=\"boxed boxed-white boxed-rounded boxed-shadow-15px boxed-linked\" data-aos=\"fade-up\">\r\n                                                        <div class=\"boxed-padding text-center\">\r\n                            \r\n                                \r\n                                    <div class=\"boxed-icon\"><i class=\"fa-solid fa-users\"><\/i><\/div>                                \r\n                                <div class=\"equal-height\">\r\n                                    <h4 class=\"boxed-headline\"><strong>Co-creation<\/strong><\/h4>\r\n                                    <p><small>We develop our solutions in partnership with the people who use them.<\/small><\/p>\r\n                                <\/div>\r\n                            <\/div>\r\n                        <\/div>\r\n                    <\/div>\r\n                                    <div class=\"col col-12 col-sm-6 col-xl-3\">\r\n                        <div class=\"boxed boxed-white boxed-rounded boxed-shadow-15px boxed-linked\" data-aos=\"fade-up\">\r\n                                                        <div class=\"boxed-padding text-center\">\r\n                            \r\n                                \r\n                                    <div class=\"boxed-icon\"><i class=\"fa-solid fa-star\"><\/i><\/div>                                \r\n                                <div class=\"equal-height\">\r\n                                    <h4 class=\"boxed-headline\"><strong>Commitment to relevance<\/strong><\/h4>\r\n                                    <p><small>We focus on changes that make a meaningful difference in clinical practice.<\/small><\/p>\r\n                                <\/div>\r\n                            <\/div>\r\n                        <\/div>\r\n                    <\/div>\r\n                                    <div class=\"col col-12 col-sm-6 col-xl-3\">\r\n                        <div class=\"boxed boxed-white boxed-rounded boxed-shadow-15px boxed-linked\" data-aos=\"fade-up\">\r\n                                                        <div class=\"boxed-padding text-center\">\r\n                            \r\n                                \r\n                                    <div class=\"boxed-icon\"><i class=\"fa-solid fa-truck-medical\"><\/i><\/div>                                \r\n                                <div class=\"equal-height\">\r\n                                    <h4 class=\"boxed-headline\"><strong>Close to clinical reality<\/strong><\/h4>\r\n                                    <p><small>Our products are developed where they are meant to be used: in the middle of everyday hospital life.<\/small><\/p>\r\n                                <\/div>\r\n                            <\/div>\r\n                        <\/div>\r\n                    <\/div>\r\n                                    <div class=\"col col-12 col-sm-6 col-xl-3\">\r\n                        <div class=\"boxed boxed-white boxed-rounded boxed-shadow-15px boxed-linked\" data-aos=\"fade-up\">\r\n                                                        <div class=\"boxed-padding text-center\">\r\n                            \r\n                                \r\n                                    <div class=\"boxed-icon\"><i class=\"fa-solid fa-heart\"><\/i><\/div>                                \r\n                                <div class=\"equal-height\">\r\n                                    <h4 class=\"boxed-headline\"><strong>Hands-on. All-in. Every day.<\/strong><\/h4>\r\n                                    <p><small>Everyone gets involved \u2013 directly, pragmatically and on equal footing.<\/small><\/p>\r\n                                <\/div>\r\n                            <\/div>\r\n                        <\/div>\r\n                    <\/div>\r\n                            <\/div>\r\n        <\/div>\r\n        \r\n                \r\n        <\/div><\/div><\/div><\/div><\/div><\/section><!-- \/.content-module --><section id=\"pg-611-5_parent\" class=\"content-module\"><div class=\"container\"><div class=\"content-inner has-padding\"><div id=\"pg-611-5\"  class=\"panel-grid panel-no-style\" ><div id=\"pgc-611-5-0\"  class=\"panel-grid-cell\" ><div id=\"panel-611-5-0-0\" class=\"so-panel widget widget_filax_contactperson_widget panel-first-child panel-last-child\" data-index=\"7\" >        <div class=\"case-study\">\r\n            <div class=\"row align-items-center\">\r\n            \t                <div class=\"col col-12 col-sm-6\">\r\n                    <div class=\"case-study-image\">\r\n                        <p><img decoding=\"async\" src=\"https:\/\/eb82cnrs9vu.exactdn.com\/wp-content\/uploads\/2026\/02\/CEO_Filax_Medical_Half_body.png?strip=all\" class=\"image-rounded\" alt=\"\"><\/p>\r\n                    <\/div>\r\n                <\/div>\r\n               \t               \r\n                <div class=\"col col-12 col-lg-6 align-items-center\">\r\n                    <div class=\"case-study-content\" data-aos=\"fade-left\">\r\n                        <div class=\"icon-quote\">\r\n                            <img decoding=\"async\" src=\"https:\/\/eb82cnrs9vu.exactdn.com\/wp-content\/themes\/filax\/assets\/images\/icon-quote.svg\" alt=\"\">\r\n                        <\/div>\r\n                        <p>Our systems are created in close cooperation with hospital teams \u2013 from the first idea through to everyday use. We listen, test together and refine continuously. The benefit defines the functionality \u2013 not the other way round.<\/p>\n\n<p>\u00a0<\/p>\n\n<p>Kurt Ruffieux, PhD\u00a0\u2013 CEO Filax Medical AG<\/p>\n\n<p>\u00a0<\/p>\n                                            <\/div>\r\n                <\/div>\r\n            <\/div>\r\n        <\/div>\r\n        \r\n        \r\n        \r\n        <\/div><\/div><\/div><\/div><\/div><\/section><!-- \/.content-module --><section id=\"pg-611-6_parent\" class=\"content-module has-background\" style=\"background-image: url('https:\/\/eb82cnrs9vu.exactdn.com\/wp-content\/uploads\/2025\/08\/preview.jpg?strip=all')\"><div class=\"background-overlay\" style=\"opacity: .75\"><\/div><div class=\"container\"><div class=\"content-inner has-padding\"><div id=\"pg-611-6\"  class=\"panel-grid panel-no-style\" ><div id=\"pgc-611-6-0\"  class=\"panel-grid-cell\" ><div id=\"panel-611-6-0-0\" class=\"so-panel widget widget_filax_defaulttxt_slider_widget panel-first-child\" data-index=\"8\" ><div class=\"panel-widget-style panel-widget-style-for-611-6-0-0\" ><h2 class=\"text-center\" >Your needs. Our next project.<\/h2><p>Whether you are planning a pilot project, a test installation or have a specific requirement \u2013 we\u2019d be pleased to talk.<\/p>\n<\/div><\/div><div id=\"panel-611-6-0-1\" class=\"so-panel widget widget_filax_button_widget panel-last-child\" data-index=\"9\" ><div class=\"panel-widget-style panel-widget-style-for-611-6-0-1\" ><p class=\"text-center\"><a href=\"https:\/\/www.filax-medical.com\/en\/contact\" class=\"btn btn-primary\"><i class=\"far fal fa-arrow-right\"><\/i><span>Contact us<\/span><\/a><\/p><\/div><\/div><\/div><\/div><\/div><\/div><\/section><!-- \/.content-module --><\/div>","protected":false},"excerpt":{"rendered":"<p>Working together to improve patient care Our vision is a healthcare system where clinical teams are freed from repetitive manual tasks \u2013 so their time and attention can stay where it matters most: with patients. Digital solutions for fluid managementWe automate what slows you down \u2013 in a simple, reliable and practice-oriented way Whether intraoperative &hellip; <a href=\"https:\/\/www.filax-medical.com\/en\/about-us\/\" class=\"more-link\">Continue reading<span class=\"screen-reader-text\"> &#8220;About us&#8221;<\/span><\/a><\/p>\n","protected":false},"author":1,"featured_media":0,"parent":0,"menu_order":20,"comment_status":"closed","ping_status":"closed","template":"","meta":{"_acf_changed":false,"_seopress_robots_primary_cat":"","_seopress_titles_title":"","_seopress_titles_desc":"","_seopress_robots_index":"","footnotes":""},"class_list":["post-611","page","type-page","status-publish","hentry"],"acf":[],"_links":{"self":[{"href":"https:\/\/www.filax-medical.com\/en\/wp-json\/wp\/v2\/pages\/611","targetHints":{"allow":["GET"]}}],"collection":[{"href":"https:\/\/www.filax-medical.com\/en\/wp-json\/wp\/v2\/pages"}],"about":[{"href":"https:\/\/www.filax-medical.com\/en\/wp-json\/wp\/v2\/types\/page"}],"author":[{"embeddable":true,"href":"https:\/\/www.filax-medical.com\/en\/wp-json\/wp\/v2\/users\/1"}],"replies":[{"embeddable":true,"href":"https:\/\/www.filax-medical.com\/en\/wp-json\/wp\/v2\/comments?post=611"}],"version-history":[{"count":48,"href":"https:\/\/www.filax-medical.com\/en\/wp-json\/wp\/v2\/pages\/611\/revisions"}],"predecessor-version":[{"id":3585,"href":"https:\/\/www.filax-medical.com\/en\/wp-json\/wp\/v2\/pages\/611\/revisions\/3585"}],"wp:attachment":[{"href":"https:\/\/www.filax-medical.com\/en\/wp-json\/wp\/v2\/media?parent=611"}],"curies":[{"name":"wp","href":"https:\/\/api.w.org\/{rel}","templated":true}]}}